{"id":1936,"date":"2021-11-01T17:20:08","date_gmt":"2021-11-01T16:20:08","guid":{"rendered":"https:\/\/www.tatras-pelety.sk\/certifikaty\/"},"modified":"2022-04-24T16:23:45","modified_gmt":"2022-04-24T14:23:45","slug":"certifikaty","status":"publish","type":"page","link":"https:\/\/www.tatras-pelety.sk\/it\/certifikaty\/","title":{"rendered":"CERTIFICATI"},"content":{"rendered":"<p><div class=\"fusion-fullwidth fullwidth-box fusion-builder-row-1 fusion-flex-container fusion-parallax-none nonhundred-percent-fullwidth non-hundred-percent-height-scrolling lazyload fusion-custom-z-index\" style=\"background-color: rgba(255,255,255,0);background-image:linear-gradient(180deg, rgba(0,0,0,0.95) 0%,rgba(255,255,255,0) 92%);background-position: center center;background-repeat: no-repeat;border-width: 0px 0px 0px 0px;border-color:#e2e2e2;border-style:solid;-webkit-background-size:cover;-moz-background-size:cover;-o-background-size:cover;background-size:cover;\" data-bg=\"https:\/\/www.tatras-pelety.sk\/wp-content\/uploads\/2022\/04\/certifikaty.jpg\" data-bg-gradient=\"linear-gradient(180deg, rgba(0,0,0,0.95) 0%,rgba(255,255,255,0) 92%)\" ><div class=\"fusion-builder-row fusion-row fusion-flex-align-items-flex-start\" style=\"max-width:1248px;margin-left: calc(-4% \/ 2 );margin-right: calc(-4% \/ 2 );\"><div class=\"fusion-layout-column fusion_builder_column fusion-builder-column-0 fusion_builder_column_1_1 1_1 fusion-flex-column\"><div class=\"fusion-column-wrapper fusion-flex-justify-content-flex-start fusion-content-layout-column\" style=\"background-position:left top;background-repeat:no-repeat;-webkit-background-size:cover;-moz-background-size:cover;-o-background-size:cover;background-size:cover;padding: 0px 0px 0px 0px;\"><style type=\"text\/css\">@media only screen and (max-width:1024px) {.fusion-title.fusion-title-1{margin-top:-20px!important; margin-right:0px!important;margin-bottom:20px!important;margin-left:0px!important;}}@media only screen and (max-width:640px) {.fusion-title.fusion-title-1{margin-top:10px!important; margin-right:0px!important;margin-bottom:10px!important; margin-left:0px!important;}}<\/style><div class=\"fusion-title title fusion-title-1 fusion-sep-none fusion-title-center fusion-title-text fusion-title-size-two\" style=\"margin-top:-20px;margin-right:0px;margin-bottom:20px;margin-left:0px;\"><h2 class=\"title-heading-center\" style=\"margin:0;color:#ffffff;line-height:1em;\">INTERNAZIONALE STANDARD ENplus\u00ae<\/h2><\/div><div class=\"fusion-separator fusion-full-width-sep\" style=\"align-self: center;margin-left: auto;margin-right: auto;margin-top:10px;margin-bottom:10px;width:100%;\"><\/div><style type=\"text\/css\">@media only screen and (max-width:1024px) {.fusion-title.fusion-title-2{margin-top:-20px!important; margin-right:0px!important;margin-bottom:20px!important;margin-left:0px!important;}}@media only screen and (max-width:640px) {.fusion-title.fusion-title-2{margin-top:10px!important; margin-right:0px!important;margin-bottom:10px!important; margin-left:0px!important;}}<\/style><div class=\"fusion-title title fusion-title-2 fusion-sep-none fusion-title-center fusion-title-text fusion-title-size-three\" style=\"font-size:26px;margin-top:-20px;margin-right:0px;margin-bottom:20px;margin-left:0px;\"><h3 class=\"title-heading-center\" style=\"margin:0;font-size:1em;color:#ffffff;line-height:1em;\">L&#8217;azienda TATRAS s.r.o. possiede un certificato ENplus\u00ae A1<\/h3><\/div><\/div><style type=\"text\/css\">.fusion-body .fusion-builder-column-0{width:100% !important;margin-top : 0px;margin-bottom : 20px;}.fusion-builder-column-0 > .fusion-column-wrapper {padding-top : 0px !important;padding-right : 0px !important;margin-right : 1.92%;padding-bottom : 0px !important;padding-left : 0px !important;margin-left : 1.92%;}@media only screen and (max-width:1024px) {.fusion-body .fusion-builder-column-0{width:100% !important;order : 0;margin-bottom : 0px;}.fusion-builder-column-0 > .fusion-column-wrapper {margin-right : 1.92%;margin-left : 1.92%;}}@media only screen and (max-width:640px) {.fusion-body .fusion-builder-column-0{width:100% !important;order : 0;margin-top : 50;}.fusion-builder-column-0 > .fusion-column-wrapper {margin-right : 1.92%;margin-left : 1.92%;}}<\/style><\/div><\/div><style type=\"text\/css\">.fusion-fullwidth.fusion-builder-row-1 { z-index:0 !important; }.fusion-body .fusion-flex-container.fusion-builder-row-1{ padding-top : 220px;margin-top : 0px;padding-right : 0px;padding-bottom : 172px;margin-bottom : 0px;padding-left : 0px;}@media only screen and (max-width:1024px) {.fusion-body .fusion-flex-container.fusion-builder-row-1{ padding-top : 200px;padding-bottom : 250px;}}@media only screen and (max-width:640px) {.fusion-body .fusion-flex-container.fusion-builder-row-1{ padding-top : 40px;padding-bottom : 60px;}}<\/style><\/div><div class=\"fusion-fullwidth fullwidth-box fusion-builder-row-2 fusion-flex-container nonhundred-percent-fullwidth non-hundred-percent-height-scrolling\" style=\"background-color: rgba(255,255,255,0);background-position: center center;background-repeat: no-repeat;border-width: 0px 0px 0px 0px;border-color:#e2e2e2;border-style:solid;\" ><div class=\"fusion-builder-row fusion-row fusion-flex-align-items-center\" style=\"max-width:1248px;margin-left: calc(-4% \/ 2 );margin-right: calc(-4% \/ 2 );\"><div class=\"fusion-layout-column fusion_builder_column fusion-builder-column-1 fusion_builder_column_1_2 1_2 fusion-flex-column\"><div class=\"fusion-column-wrapper fusion-flex-justify-content-flex-start fusion-content-layout-column\" style=\"background-position:left top;background-repeat:no-repeat;-webkit-background-size:cover;-moz-background-size:cover;-o-background-size:cover;background-size:cover;padding: 0px 0px 0px 0px;\"><div ><span class=\" fusion-imageframe imageframe-none imageframe-1 hover-type-zoomin\"><img decoding=\"async\" width=\"530\" height=\"760\" title=\"CERTIFICATI\" src=\"https:\/\/www.tatras-pelety.sk\/wp-content\/uploads\/2022\/01\/Certifikat.png\" data-orig-src=\"https:\/\/www.tatras-pelety.sk\/wp-content\/uploads\/2022\/01\/Certifikat.png\" alt class=\"lazyload img-responsive wp-image-1844\" srcset=\"data:image\/svg+xml,%3Csvg%20xmlns%3D%27http%3A%2F%2Fwww.w3.org%2F2000%2Fsvg%27%20width%3D%27530%27%20height%3D%27760%27%20viewBox%3D%270%200%20530%20760%27%3E%3Crect%20width%3D%27530%27%20height%3D%27760%27%20fill-opacity%3D%220%22%2F%3E%3C%2Fsvg%3E\" data-srcset=\"https:\/\/www.tatras-pelety.sk\/wp-content\/uploads\/2022\/01\/Certifikat-200x287.png 200w, https:\/\/www.tatras-pelety.sk\/wp-content\/uploads\/2022\/01\/Certifikat-400x574.png 400w, https:\/\/www.tatras-pelety.sk\/wp-content\/uploads\/2022\/01\/Certifikat.png 530w\" data-sizes=\"auto\" data-orig-sizes=\"(max-width: 640px) 100vw, 530px\" \/><\/span><\/div><\/div><style type=\"text\/css\">.fusion-body .fusion-builder-column-1{width:50% !important;margin-top : 0px;margin-bottom : 0px;}.fusion-builder-column-1 > .fusion-column-wrapper {padding-top : 0px !important;padding-right : 0px !important;margin-right : 3.84%;padding-bottom : 0px !important;padding-left : 0px !important;margin-left : 3.84%;}@media only screen and (max-width:1024px) {.fusion-body .fusion-builder-column-1{width:50% !important;order : 0;}.fusion-builder-column-1 > .fusion-column-wrapper {margin-right : 3.84%;margin-left : 3.84%;}}@media only screen and (max-width:640px) {.fusion-body .fusion-builder-column-1{width:100% !important;order : 1;}.fusion-builder-column-1 > .fusion-column-wrapper {margin-right : 1.92%;margin-left : 1.92%;}}<\/style><\/div><div class=\"fusion-layout-column fusion_builder_column fusion-builder-column-2 fusion_builder_column_1_2 1_2 fusion-flex-column\"><div class=\"fusion-column-wrapper fusion-flex-justify-content-flex-start fusion-content-layout-column\" style=\"background-position:left top;background-repeat:no-repeat;-webkit-background-size:cover;-moz-background-size:cover;-o-background-size:cover;background-size:cover;padding: 0px 0px 0px 0px;\"><style type=\"text\/css\">@media only screen and (max-width:1024px) {.fusion-title.fusion-title-3{margin-top:-20px!important; margin-right:0px!important;margin-bottom:20px!important;margin-left:0px!important;}}@media only screen and (max-width:640px) {.fusion-title.fusion-title-3{margin-top:10px!important; margin-right:0px!important;margin-bottom:10px!important; margin-left:0px!important;}}<\/style><div class=\"fusion-title title fusion-title-3 fusion-sep-none fusion-title-text fusion-title-size-one\" style=\"font-size:50px;margin-top:-20px;margin-right:0px;margin-bottom:20px;margin-left:0px;\"><h1 class=\"title-heading-left sm-text-align-center\" style=\"margin:0;font-size:1em;line-height:1em;\">COSA SIGNIFICA ENplus\u00ae?<\/h1><\/div><div class=\"fusion-text fusion-text-1 sm-text-align-center\" style=\"text-transform:none;\"><p>ENplus\u00ae agisce come uno schema di certificazione di terze parti. Ci\u00f2 significa che la conformit\u00e0 \u00e8 valutata da organizzazioni accreditate e lo sviluppo e l&#8217;aggiornamento dei requisiti avviene in modo completamente indipendente. In breve, la qualit\u00e0 del pellet \u00e8 l&#8217;unico motivo collaterale.<\/p>\n<p>Grazie con oltre 500 certificati attualmente attivi, i produttori certificati ENplus\u00ae formano una rete globale di professionisti del pellet che si impegnano per la massima qualit\u00e0 del prodotto. Ciascun commerciante certificato ENplus\u00ae supporta un ID ENplus\u00ae univoco da XX 001 a XX 299 (dove XX \u00e8 il codice del paese).<\/p>\n<p>All&#8217;interno del settore, ENplus\u00ae \u00e8 diventato in meno di dieci anni un sinonimo mondiale di qualit\u00e0. Lo schema di certificazione deve il suo successo ad un&#8217;ampia gamma che comprende l&#8217;intera filiera del pellet di legno. Dalle prime fasi della produzione al processo di consegna del pellet al consumatore finale, \u00e8 garantito che istruzioni dettagliate, procedure di monitoraggio efficaci e formazione specializzata siano disponibili a tutti gli attori per garantire un livello di qualit\u00e0 elevato e costante.<\/p>\n<p>Naturalmente, anche i pellet stessi devono soddisfare diverse specifiche tecniche. Oltre alla lunghezza e al diametro, i pellet ENplus\u00ae sono testati anche per resistenza meccanica, percentuale di particelle fini, densit\u00e0 apparente, contenuto di ceneri e umidit\u00e0, potere calorifico e percentuale di additivi. Tutto questo garantisce che gli apparecchature di riscaldamentii a pellet ENplus\u00ae funzionino al meglio, senza problemi e per lungo tempo.<\/p>\n<\/div><\/div><style type=\"text\/css\">.fusion-body .fusion-builder-column-2{width:50% !important;margin-top : 0px;margin-bottom : 20px;}.fusion-builder-column-2 > .fusion-column-wrapper {padding-top : 0px !important;padding-right : 0px !important;margin-right : 3.84%;padding-bottom : 0px !important;padding-left : 0px !important;margin-left : 3.84%;}@media only screen and (max-width:1024px) {.fusion-body .fusion-builder-column-2{width:50% !important;order : 0;}.fusion-builder-column-2 > .fusion-column-wrapper {margin-right : 3.84%;margin-left : 3.84%;}}@media only screen and (max-width:640px) {.fusion-body .fusion-builder-column-2{width:100% !important;order : 0;}.fusion-builder-column-2 > .fusion-column-wrapper {margin-right : 1.92%;margin-left : 1.92%;}}<\/style><\/div><\/div><style type=\"text\/css\">.fusion-body .fusion-flex-container.fusion-builder-row-2{ padding-top : 120px;margin-top : 0px;padding-right : 0px;padding-bottom : 120px;margin-bottom : 0px;padding-left : 0px;}<\/style><\/div><\/p>\n","protected":false},"excerpt":{"rendered":"","protected":false},"author":1,"featured_media":0,"parent":0,"menu_order":0,"comment_status":"closed","ping_status":"closed","template":"100-width.php","meta":{"footnotes":""},"class_list":["post-1936","page","type-page","status-publish","hentry"],"_links":{"self":[{"href":"https:\/\/www.tatras-pelety.sk\/it\/wp-json\/wp\/v2\/pages\/1936","targetHints":{"allow":["GET"]}}],"collection":[{"href":"https:\/\/www.tatras-pelety.sk\/it\/wp-json\/wp\/v2\/pages"}],"about":[{"href":"https:\/\/www.tatras-pelety.sk\/it\/wp-json\/wp\/v2\/types\/page"}],"author":[{"embeddable":true,"href":"https:\/\/www.tatras-pelety.sk\/it\/wp-json\/wp\/v2\/users\/1"}],"replies":[{"embeddable":true,"href":"https:\/\/www.tatras-pelety.sk\/it\/wp-json\/wp\/v2\/comments?post=1936"}],"version-history":[{"count":9,"href":"https:\/\/www.tatras-pelety.sk\/it\/wp-json\/wp\/v2\/pages\/1936\/revisions"}],"predecessor-version":[{"id":2151,"href":"https:\/\/www.tatras-pelety.sk\/it\/wp-json\/wp\/v2\/pages\/1936\/revisions\/2151"}],"wp:attachment":[{"href":"https:\/\/www.tatras-pelety.sk\/it\/wp-json\/wp\/v2\/media?parent=1936"}],"curies":[{"name":"wp","href":"https:\/\/api.w.org\/{rel}","templated":true}]}}